{"id":4093,"date":"2025-07-01T11:19:04","date_gmt":"2025-07-01T16:19:04","guid":{"rendered":"https:\/\/greenland.co\/?page_id=4093"},"modified":"2025-07-03T16:04:15","modified_gmt":"2025-07-03T21:04:15","slug":"about-us-mission-vision-values-and-pillars","status":"publish","type":"page","link":"https:\/\/greenland.co\/en\/about-us-mission-vision-values-and-pillars\/","title":{"rendered":"(Espa\u00f1ol) About Us: Mission, Vision, Values, and Pillars"},"content":{"rendered":"\t\t<div data-elementor-type=\"wp-page\" data-elementor-id=\"4093\" class=\"elementor elementor-4093\" data-elementor-post-type=\"page\">\n\t\t\t\t\t\t<section class=\"elementor-section elementor-top-section elementor-element elementor-element-ec73bbb elementor-section-boxed elementor-section-height-default elementor-section-height-default\" data-id=\"ec73bbb\" data-element_type=\"section\" data-e-type=\"section\" data-settings=\"{&quot;background_background&quot;:&quot;classic&quot;}\">\n\t\t\t\t\t\t<div class=\"elementor-container elementor-column-gap-default\">\n\t\t\t\t\t<div class=\"elementor-column elementor-col-100 elementor-top-column elementor-element elementor-element-ee25189\" data-id=\"ee25189\" data-element_type=\"column\" data-e-type=\"column\">\n\t\t\t<div class=\"elementor-widget-wrap\">\n\t\t\t\t\t\t\t<\/div>\n\t\t<\/div>\n\t\t\t\t\t<\/div>\n\t\t<\/section>\n\t\t<div class=\"elementor-element elementor-element-e055121 e-flex e-con-boxed e-con e-parent\" data-id=\"e055121\" data-element_type=\"container\" data-e-type=\"container\">\n\t\t\t\t\t<div class=\"e-con-inner\">\n\t\t\t\t<div class=\"elementor-element elementor-element-310b9ad elementor-widget elementor-widget-heading\" data-id=\"310b9ad\" data-element_type=\"widget\" data-e-type=\"widget\" data-widget_type=\"heading.default\">\n\t\t\t\t<div class=\"elementor-widget-container\">\n\t\t\t\t\t<h2 class=\"elementor-heading-title elementor-size-default\"><header class=\"header_section header_center green\"><h2><span>Mission<\/span><\/h2>\n                        <span style=\"display: inline !important\"><\/span><\/header><\/h2>\t\t\t\t<\/div>\n\t\t\t\t<\/div>\n\t\t\t\t\t<\/div>\n\t\t\t\t<\/div>\n\t\t\t\t<section class=\"elementor-section elementor-top-section elementor-element elementor-element-b2868d8 elementor-section-boxed elementor-section-height-default elementor-section-height-default\" data-id=\"b2868d8\" data-element_type=\"section\" data-e-type=\"section\" data-settings=\"{&quot;background_background&quot;:&quot;classic&quot;}\">\n\t\t\t\t\t\t<div class=\"elementor-container elementor-column-gap-default\">\n\t\t\t\t\t<div class=\"elementor-column elementor-col-50 elementor-top-column elementor-element elementor-element-e1ec15d\" data-id=\"e1ec15d\" data-element_type=\"column\" data-e-type=\"column\">\n\t\t\t<div class=\"elementor-widget-wrap elementor-element-populated\">\n\t\t\t\t\t\t<div class=\"elementor-element elementor-element-ecc5e98 elementor-widget elementor-widget-image\" data-id=\"ecc5e98\" data-element_type=\"widget\" data-e-type=\"widget\" data-widget_type=\"image.default\">\n\t\t\t\t<div class=\"elementor-widget-container\">\n\t\t\t\t\t\t\t\t\t\t\t\t\t\t\t<img decoding=\"async\" src=\"https:\/\/greenland.co\/wp-content\/uploads\/elementor\/thumbs\/foto-mision-r88dbiar0ocq9ca2v1xymdvaq4xrnl9jtmt51m96lc.png\" title=\"foto - mision\" alt=\"foto - mision\" loading=\"lazy\" \/>\t\t\t\t\t\t\t\t\t\t\t\t\t\t\t<\/div>\n\t\t\t\t<\/div>\n\t\t\t\t\t<\/div>\n\t\t<\/div>\n\t\t\t\t<div class=\"elementor-column elementor-col-50 elementor-top-column elementor-element elementor-element-05695db\" data-id=\"05695db\" data-element_type=\"column\" data-e-type=\"column\" data-settings=\"{&quot;background_background&quot;:&quot;classic&quot;}\">\n\t\t\t<div class=\"elementor-widget-wrap elementor-element-populated\">\n\t\t\t\t\t\t<div class=\"elementor-element elementor-element-5589632 elementor-widget elementor-widget-text-editor\" data-id=\"5589632\" data-element_type=\"widget\" data-e-type=\"widget\" data-widget_type=\"text-editor.default\">\n\t\t\t\t<div class=\"elementor-widget-container\">\n\t\t\t\t\t\t\t\t\t<p><span style=\"color: #275316;\"><span style=\"font-size: 12.0pt; line-height: 115%; font-family: 'Aptos',sans-serif; mso-ascii-theme-font: minor-latin; mso-fareast-font-family: Aptos; mso-fareast-theme-font: minor-latin; mso-hansi-theme-font: minor-latin; mso-bidi-font-family: 'Times New Roman'; mso-bidi-theme-font: minor-bidi; mso-ansi-language: ES-CO; mso-fareast-language: EN-US; mso-bidi-language: AR-SA;\">\u2022\u00a0<\/span><\/span><span style=\"color: #275316;\">We are farmers, and we deliver solutions to meet our customers' needs.<\/span><\/p><p data-start=\"210\" data-end=\"265\"><span style=\"color: #275316;\">\u2022\u00a0We passionately pursue excellence and sustainability.<\/span><\/p><p data-start=\"268\" data-end=\"346\"><span style=\"color: #275316;\">\u2022\u00a0We cultivate well-being for our families and the communities we engage with.<\/span><\/p><p data-start=\"268\" data-end=\"346\"><span style=\"color: #275316;\">\u2022\u00a0We build close relationships.<\/span><\/p>\t\t\t\t\t\t\t\t<\/div>\n\t\t\t\t<\/div>\n\t\t\t\t\t<\/div>\n\t\t<\/div>\n\t\t\t\t\t<\/div>\n\t\t<\/section>\n\t\t<div class=\"elementor-element elementor-element-2f86e69 e-flex e-con-boxed e-con e-parent\" data-id=\"2f86e69\" data-element_type=\"container\" data-e-type=\"container\">\n\t\t\t\t\t<div class=\"e-con-inner\">\n\t\t\t\t<div class=\"elementor-element elementor-element-63f54ac elementor-widget elementor-widget-heading\" data-id=\"63f54ac\" data-element_type=\"widget\" data-e-type=\"widget\" data-widget_type=\"heading.default\">\n\t\t\t\t<div class=\"elementor-widget-container\">\n\t\t\t\t\t<h2 class=\"elementor-heading-title elementor-size-default\"><header class=\"header_section header_center green\">\n<h2><span>Vision<\/span><\/h2>\n<\/header><\/h2>\t\t\t\t<\/div>\n\t\t\t\t<\/div>\n\t\t\t\t\t<\/div>\n\t\t\t\t<\/div>\n\t\t\t\t<section class=\"elementor-section elementor-top-section elementor-element elementor-element-6fd0c94 elementor-section-boxed elementor-section-height-default elementor-section-height-default\" data-id=\"6fd0c94\" data-element_type=\"section\" data-e-type=\"section\" data-settings=\"{&quot;background_background&quot;:&quot;classic&quot;}\">\n\t\t\t\t\t\t<div class=\"elementor-container elementor-column-gap-default\">\n\t\t\t\t\t<div class=\"elementor-column elementor-col-50 elementor-top-column elementor-element elementor-element-edbdd0e\" data-id=\"edbdd0e\" data-element_type=\"column\" data-e-type=\"column\" data-settings=\"{&quot;background_background&quot;:&quot;classic&quot;}\">\n\t\t\t<div class=\"elementor-widget-wrap elementor-element-populated\">\n\t\t\t\t\t\t<div class=\"elementor-element elementor-element-70996f1 elementor-widget elementor-widget-text-editor\" data-id=\"70996f1\" data-element_type=\"widget\" data-e-type=\"widget\" data-widget_type=\"text-editor.default\">\n\t\t\t\t<div class=\"elementor-widget-container\">\n\t\t\t\t\t\t\t\t\t<p><span style=\"color: #275316;\">To be recognized as an agro-industrial group that generates value for its customers and shareholders in a reliable and sustainable way, while cultivating well-being for its families and communities.<\/span><\/p>\t\t\t\t\t\t\t\t<\/div>\n\t\t\t\t<\/div>\n\t\t\t\t\t<\/div>\n\t\t<\/div>\n\t\t\t\t<div class=\"elementor-column elementor-col-50 elementor-top-column elementor-element elementor-element-8823f3a\" data-id=\"8823f3a\" data-element_type=\"column\" data-e-type=\"column\">\n\t\t\t<div class=\"elementor-widget-wrap elementor-element-populated\">\n\t\t\t\t\t\t<div class=\"elementor-element elementor-element-12d6ffe elementor-widget elementor-widget-image\" data-id=\"12d6ffe\" data-element_type=\"widget\" data-e-type=\"widget\" data-widget_type=\"image.default\">\n\t\t\t\t<div class=\"elementor-widget-container\">\n\t\t\t\t\t\t\t\t\t\t\t\t\t\t\t<img decoding=\"async\" src=\"https:\/\/greenland.co\/wp-content\/uploads\/elementor\/thumbs\/Agosto-r86nkx16vhslmspt8brot8xrynsywlqfktwxblpnds.jpg\" title=\"Agosto\" alt=\"Agosto\" loading=\"lazy\" \/>\t\t\t\t\t\t\t\t\t\t\t\t\t\t\t<\/div>\n\t\t\t\t<\/div>\n\t\t\t\t\t<\/div>\n\t\t<\/div>\n\t\t\t\t\t<\/div>\n\t\t<\/section>\n\t\t<div class=\"elementor-element elementor-element-b7d826e elementor-hidden-desktop elementor-hidden-laptop elementor-hidden-mobile e-flex e-con-boxed e-con e-parent\" data-id=\"b7d826e\" data-element_type=\"container\" data-e-type=\"container\">\n\t\t\t\t\t<div class=\"e-con-inner\">\n\t\t<div class=\"elementor-element elementor-element-bcecea6 e-flex e-con-boxed e-con e-child\" data-id=\"bcecea6\" data-element_type=\"container\" data-e-type=\"container\">\n\t\t\t\t\t<div class=\"e-con-inner\">\n\t\t\t\t<div class=\"elementor-element elementor-element-efcf8f0 elementor-widget elementor-widget-heading\" data-id=\"efcf8f0\" data-element_type=\"widget\" data-e-type=\"widget\" data-widget_type=\"heading.default\">\n\t\t\t\t<div class=\"elementor-widget-container\">\n\t\t\t\t\t<h2 class=\"elementor-heading-title elementor-size-default\">As\u00ed funciona cada elemento<\/h2>\t\t\t\t<\/div>\n\t\t\t\t<\/div>\n\t\t\t\t\t<\/div>\n\t\t\t\t<\/div>\n\t\t\t\t\t<\/div>\n\t\t\t\t<\/div>\n\t\t<div class=\"elementor-element elementor-element-09686e6 elementor-hidden-desktop elementor-hidden-laptop elementor-hidden-mobile e-flex e-con-boxed e-con e-parent\" data-id=\"09686e6\" data-element_type=\"container\" data-e-type=\"container\">\n\t\t\t\t\t<div class=\"e-con-inner\">\n\t\t<div class=\"elementor-element elementor-element-1e63545 e-con-full e-flex e-con e-child\" data-id=\"1e63545\" data-element_type=\"container\" data-e-type=\"container\">\n\t\t\t\t<div class=\"elementor-element elementor-element-95a6ebc eael-flipbox-content-align-center elementor-widget elementor-widget-eael-flip-box\" data-id=\"95a6ebc\" data-element_type=\"widget\" data-e-type=\"widget\" data-widget_type=\"eael-flip-box.default\">\n\t\t\t\t<div class=\"elementor-widget-container\">\n\t\t\t\t\t        <div class=\"eael-elements-flip-box-container eael-animate-flip eael-animate-left eael-content eael-flip-box-hover eael-flipbox-fixed-height eael-flipbox-dynamic\">\n\n            <div class=\"eael-elements-flip-box-flip-card\">\n                <div class=\"eael-elements-flip-box-front-container\">\n                    \n                    \n                        <div class=\"eael-elements-slider-display-table\">\n                            <div class=\"eael-elements-flip-box-vertical-align\">\n                                <div class=\"eael-elements-flip-box-padding\">\n                                    <div class=\"eael-elements-flip-box-icon-image\">\n                                                                                                                                                                        <\/div>\n                                    <h2 class=\"eael-elements-flip-box-heading\">C\u00f3digo de Gobierno y \u00c9tica Empresa<\/h2>                                    <div class=\"eael-elements-flip-box-content\">\n\t                                                                        <\/div>\n                                <\/div>\n                            <\/div>\n                        <\/div>\n                                    <\/div>\n\n                <div class=\"eael-elements-flip-box-rear-container\">\n                                                                <div class=\"eael-elements-slider-display-table\">\n                            <div class=\"eael-elements-flip-box-vertical-align\">\n                                <div class=\"eael-elements-flip-box-padding\">\n                                                                            <div class=\"eael-elements-flip-box-icon-image\">\n                                                                                            <\/div>\n                                                                                                            <h3 class=\"eael-elements-flip-box-heading\">C\u00f3digo de Gobierno y \u00c9tica Empresa<\/h3>\n                                                                        <div class=\"eael-elements-flip-box-content\">\n                                        <p>\u00a0<\/p><p style=\"font-size: 15px !important\">Nuestro C\u00f3digo de Gobierno nos direcciona al cumplimiento de nuestro prop\u00f3sito de cultivar bienestar de manera \u00e9tica y transparente, en \u00e9l est\u00e1n enmarcados los principios que gu\u00edan, nuestro comportamiento diario en la Organizaci\u00f3n y nuestros grupos de inter\u00e9s, coherente con la estrategia corporativa, las buenas pr\u00e1cticas de sostenibilidad y el cumplimiento de la legislaci\u00f3n vigente.<\/p>                                    <\/div>\n\n                                                                    <\/div>\n                            <\/div>\n                        <\/div>\n                                    <\/div>\n            <\/div>\n        <\/div>\n        \t\t\t\t<\/div>\n\t\t\t\t<\/div>\n\t\t\t\t<\/div>\n\t\t<div class=\"elementor-element elementor-element-aef2129 e-con-full e-flex e-con e-child\" data-id=\"aef2129\" data-element_type=\"container\" data-e-type=\"container\">\n\t\t\t\t<div class=\"elementor-element elementor-element-ca71a79 eael-flipbox-content-align-center elementor-widget elementor-widget-eael-flip-box\" data-id=\"ca71a79\" data-element_type=\"widget\" data-e-type=\"widget\" data-widget_type=\"eael-flip-box.default\">\n\t\t\t\t<div class=\"elementor-widget-container\">\n\t\t\t\t\t        <div class=\"eael-elements-flip-box-container eael-animate-flip eael-animate-left eael-content eael-flip-box-hover eael-flipbox-fixed-height eael-flipbox-dynamic\">\n\n            <div class=\"eael-elements-flip-box-flip-card\">\n                <div class=\"eael-elements-flip-box-front-container\">\n                    \n                    \n                        <div class=\"eael-elements-slider-display-table\">\n                            <div class=\"eael-elements-flip-box-vertical-align\">\n                                <div class=\"eael-elements-flip-box-padding\">\n                                    <div class=\"eael-elements-flip-box-icon-image\">\n                                                                                                                                                                        <\/div>\n                                    <h2 class=\"eael-elements-flip-box-heading\">SAGRILAFT<\/h2>                                    <div class=\"eael-elements-flip-box-content\">\n\t                                                                        <\/div>\n                                <\/div>\n                            <\/div>\n                        <\/div>\n                                    <\/div>\n\n                <div class=\"eael-elements-flip-box-rear-container\">\n                                                                <div class=\"eael-elements-slider-display-table\">\n                            <div class=\"eael-elements-flip-box-vertical-align\">\n                                <div class=\"eael-elements-flip-box-padding\">\n                                                                            <div class=\"eael-elements-flip-box-icon-image\">\n                                                                                            <\/div>\n                                                                                                            <h3 class=\"eael-elements-flip-box-heading\">SAGRILAFT<\/h3>\n                                                                        <div class=\"eael-elements-flip-box-content\">\n                                        <p>\u00a0<\/p><p style=\"font-size: 15px !important\">\u2022 El lavado de activos.<br \/>\u2022 Financiaci\u00f3n directa e indirecta de grupos al margen de la ley o terroristas nacionales o extranjeros.<br \/>\u2022 Financiaci\u00f3n de la proliferaci\u00f3n de armas de destrucci\u00f3n masiva o todo acto que utilice fondos o servicios financieros para prop\u00f3sitos ileg\u00edtimos que busquen causar terror.<br \/>\u2022 La corrupci\u00f3n y el soborno transnacional.<\/p>                                    <\/div>\n\n                                                                    <\/div>\n                            <\/div>\n                        <\/div>\n                                    <\/div>\n            <\/div>\n        <\/div>\n        \t\t\t\t<\/div>\n\t\t\t\t<\/div>\n\t\t\t\t<\/div>\n\t\t<div class=\"elementor-element elementor-element-e2c79ea e-con-full e-flex e-con e-child\" data-id=\"e2c79ea\" data-element_type=\"container\" data-e-type=\"container\">\n\t\t\t\t<div class=\"elementor-element elementor-element-5e853b7 eael-flipbox-content-align-center elementor-widget elementor-widget-eael-flip-box\" data-id=\"5e853b7\" data-element_type=\"widget\" data-e-type=\"widget\" data-widget_type=\"eael-flip-box.default\">\n\t\t\t\t<div class=\"elementor-widget-container\">\n\t\t\t\t\t        <div class=\"eael-elements-flip-box-container eael-animate-flip eael-animate-left eael-content eael-flip-box-hover eael-flipbox-fixed-height eael-flipbox-dynamic\">\n\n            <div class=\"eael-elements-flip-box-flip-card\">\n                <div class=\"eael-elements-flip-box-front-container\">\n                    \n                    \n                        <div class=\"eael-elements-slider-display-table\">\n                            <div class=\"eael-elements-flip-box-vertical-align\">\n                                <div class=\"eael-elements-flip-box-padding\">\n                                    <div class=\"eael-elements-flip-box-icon-image\">\n                                                                                                                                                                        <\/div>\n                                    <h3 class=\"eael-elements-flip-box-heading\">Programa de Transparencia y \u00c9tica Empresarial -PTEE<\/h3>                                    <div class=\"eael-elements-flip-box-content\">\n\t                                                                        <\/div>\n                                <\/div>\n                            <\/div>\n                        <\/div>\n                                    <\/div>\n\n                <div class=\"eael-elements-flip-box-rear-container\">\n                                                                <div class=\"eael-elements-slider-display-table\">\n                            <div class=\"eael-elements-flip-box-vertical-align\">\n                                <div class=\"eael-elements-flip-box-padding\">\n                                                                            <div class=\"eael-elements-flip-box-icon-image\">\n                                                                                            <\/div>\n                                                                                                            <h4 class=\"eael-elements-flip-box-heading\">Programa de Transparencia y \u00c9tica Empresarial -PTEE<\/h4>\n                                                                        <div class=\"eael-elements-flip-box-content\">\n                                        <p>\u00a0<\/p><p style=\"font-size: 15px !important\">El PTEE confirma el compromiso permanente del Grupo Empresarial GreenLand en mantener altos principios morales, \u00e9ticos y contiene las pol\u00edtica, manuales y procedimientos que est\u00e1n encaminados en prevenir el riesgo de incurrir en actos relacionados con pr\u00e1cticas corruptas y soborno transnacional.<\/p>                                    <\/div>\n\n                                                                    <\/div>\n                            <\/div>\n                        <\/div>\n                                    <\/div>\n            <\/div>\n        <\/div>\n        \t\t\t\t<\/div>\n\t\t\t\t<\/div>\n\t\t\t\t<\/div>\n\t\t\t\t\t<\/div>\n\t\t\t\t<\/div>\n\t\t<div class=\"elementor-element elementor-element-e39ac55 e-flex e-con-boxed e-con e-parent\" data-id=\"e39ac55\" data-element_type=\"container\" data-e-type=\"container\">\n\t\t\t\t\t<div class=\"e-con-inner\">\n\t\t\t\t<div class=\"elementor-element elementor-element-1e82143 elementor-widget elementor-widget-heading\" data-id=\"1e82143\" data-element_type=\"widget\" data-e-type=\"widget\" data-widget_type=\"heading.default\">\n\t\t\t\t<div class=\"elementor-widget-container\">\n\t\t\t\t\t<h2 class=\"elementor-heading-title elementor-size-default\"><header class=\"header_section header_center green\">\n<h2><span>Values<\/span><\/h2>\n<\/header><\/h2>\t\t\t\t<\/div>\n\t\t\t\t<\/div>\n\t\t\t\t\t<\/div>\n\t\t\t\t<\/div>\n\t\t\t\t<section class=\"elementor-section elementor-top-section elementor-element elementor-element-1258f8f elementor-section-boxed elementor-section-height-default elementor-section-height-default\" data-id=\"1258f8f\" data-element_type=\"section\" data-e-type=\"section\" data-settings=\"{&quot;background_background&quot;:&quot;classic&quot;}\">\n\t\t\t\t\t\t<div class=\"elementor-container elementor-column-gap-default\">\n\t\t\t\t\t<div class=\"elementor-column elementor-col-50 elementor-top-column elementor-element elementor-element-a5be96b\" data-id=\"a5be96b\" data-element_type=\"column\" data-e-type=\"column\">\n\t\t\t<div class=\"elementor-widget-wrap elementor-element-populated\">\n\t\t\t\t\t\t<div class=\"elementor-element elementor-element-9e47465 elementor-widget elementor-widget-image\" data-id=\"9e47465\" data-element_type=\"widget\" data-e-type=\"widget\" data-widget_type=\"image.default\">\n\t\t\t\t<div class=\"elementor-widget-container\">\n\t\t\t\t\t\t\t\t\t\t\t\t\t\t\t<img decoding=\"async\" src=\"https:\/\/greenland.co\/wp-content\/uploads\/elementor\/thumbs\/CIC-8-r86nkywv95v6a0n2xckxy8gp5fjpbzxw937wa5mv1c.jpg\" title=\"CIC-8\" alt=\"CIC-8\" loading=\"lazy\" \/>\t\t\t\t\t\t\t\t\t\t\t\t\t\t\t<\/div>\n\t\t\t\t<\/div>\n\t\t\t\t\t<\/div>\n\t\t<\/div>\n\t\t\t\t<div class=\"elementor-column elementor-col-50 elementor-top-column elementor-element elementor-element-1bfbd44\" data-id=\"1bfbd44\" data-element_type=\"column\" data-e-type=\"column\" data-settings=\"{&quot;background_background&quot;:&quot;classic&quot;}\">\n\t\t\t<div class=\"elementor-widget-wrap elementor-element-populated\">\n\t\t\t\t\t\t<div class=\"elementor-element elementor-element-8355320 elementor-widget elementor-widget-text-editor\" data-id=\"8355320\" data-element_type=\"widget\" data-e-type=\"widget\" data-widget_type=\"text-editor.default\">\n\t\t\t\t<div class=\"elementor-widget-container\">\n\t\t\t\t\t\t\t\t\t<p><span style=\"color: #275316; font-family: Aptos, sans-serif; font-size: 16px;\">\u2022 <\/span><span style=\"color: #275316;\">We are transparent.<\/span><\/p><p><span style=\"color: #275316; font-family: Aptos, sans-serif; font-size: 16px;\">\u2022<\/span><span style=\"color: #275316;\">\u00a0We make things happen.<\/span><\/p><p><span style=\"color: #275316; font-family: Aptos, sans-serif; font-size: 16px;\">\u2022 <\/span><span style=\"color: #275316;\">We are approachable.<\/span><\/p>\t\t\t\t\t\t\t\t<\/div>\n\t\t\t\t<\/div>\n\t\t\t\t\t<\/div>\n\t\t<\/div>\n\t\t\t\t\t<\/div>\n\t\t<\/section>\n\t\t<div class=\"elementor-element elementor-element-c53f642 e-flex e-con-boxed e-con e-parent\" data-id=\"c53f642\" data-element_type=\"container\" data-e-type=\"container\">\n\t\t\t\t\t<div class=\"e-con-inner\">\n\t\t\t\t<div class=\"elementor-element elementor-element-5fb0cd1 elementor-widget elementor-widget-heading\" data-id=\"5fb0cd1\" data-element_type=\"widget\" data-e-type=\"widget\" data-widget_type=\"heading.default\">\n\t\t\t\t<div class=\"elementor-widget-container\">\n\t\t\t\t\t<h2 class=\"elementor-heading-title elementor-size-default\"><header class=\"header_section header_center green\">\n<h2><span>Strategic Pillars<\/span><\/h2>\n<\/header><\/h2>\t\t\t\t<\/div>\n\t\t\t\t<\/div>\n\t\t\t\t\t<\/div>\n\t\t\t\t<\/div>\n\t\t<div class=\"elementor-element elementor-element-955c852 e-flex e-con-boxed e-con e-parent\" data-id=\"955c852\" data-element_type=\"container\" data-e-type=\"container\" data-settings=\"{&quot;background_background&quot;:&quot;classic&quot;}\">\n\t\t\t\t\t<div class=\"e-con-inner\">\n\t\t\t\t<div class=\"elementor-element elementor-element-3b5c532 elementor-widget elementor-widget-image\" data-id=\"3b5c532\" data-element_type=\"widget\" data-e-type=\"widget\" data-widget_type=\"image.default\">\n\t\t\t\t<div class=\"elementor-widget-container\">\n\t\t\t\t\t\t\t\t\t\t\t\t\t\t\t<img fetchpriority=\"high\" decoding=\"async\" width=\"1449\" height=\"721\" src=\"https:\/\/greenland.co\/wp-content\/uploads\/2025\/07\/ejes-en.png\" class=\"attachment-full size-full wp-image-4101\" alt=\"\" srcset=\"https:\/\/greenland.co\/wp-content\/uploads\/2025\/07\/ejes-en.png 1449w, https:\/\/greenland.co\/wp-content\/uploads\/2025\/07\/ejes-en-300x149.png 300w, https:\/\/greenland.co\/wp-content\/uploads\/2025\/07\/ejes-en-1024x510.png 1024w, https:\/\/greenland.co\/wp-content\/uploads\/2025\/07\/ejes-en-768x382.png 768w\" sizes=\"(max-width: 1449px) 100vw, 1449px\" \/>\t\t\t\t\t\t\t\t\t\t\t\t\t\t\t<\/div>\n\t\t\t\t<\/div>\n\t\t\t\t\t<\/div>\n\t\t\t\t<\/div>\n\t\t\t\t<\/div>\n\t\t","protected":false},"excerpt":{"rendered":"<p>Mission \u2022\u00a0We are farmers, and we deliver solutions to meet our customers' needs. \u2022\u00a0We passionately pursue excellence and sustainability. \u2022\u00a0We cultivate well-being for our families and the communities we engage with. \u2022\u00a0We build close relationships. Vision To be recognized as an agro-industrial group that generates value for its customers and shareholders in a reliable and [&hellip;]<\/p>\n","protected":false},"author":5,"featured_media":0,"parent":0,"menu_order":0,"comment_status":"closed","ping_status":"closed","template":"elementor_header_footer","meta":{"_eb_attr":"","footnotes":""},"class_list":["post-4093","page","type-page","status-publish","hentry"],"aioseo_notices":[],"_links":{"self":[{"href":"https:\/\/greenland.co\/en\/wp-json\/wp\/v2\/pages\/4093","targetHints":{"allow":["GET"]}}],"collection":[{"href":"https:\/\/greenland.co\/en\/wp-json\/wp\/v2\/pages"}],"about":[{"href":"https:\/\/greenland.co\/en\/wp-json\/wp\/v2\/types\/page"}],"author":[{"embeddable":true,"href":"https:\/\/greenland.co\/en\/wp-json\/wp\/v2\/users\/5"}],"replies":[{"embeddable":true,"href":"https:\/\/greenland.co\/en\/wp-json\/wp\/v2\/comments?post=4093"}],"version-history":[{"count":20,"href":"https:\/\/greenland.co\/en\/wp-json\/wp\/v2\/pages\/4093\/revisions"}],"predecessor-version":[{"id":4141,"href":"https:\/\/greenland.co\/en\/wp-json\/wp\/v2\/pages\/4093\/revisions\/4141"}],"wp:attachment":[{"href":"https:\/\/greenland.co\/en\/wp-json\/wp\/v2\/media?parent=4093"}],"curies":[{"name":"wp","href":"https:\/\/api.w.org\/{rel}","templated":true}]}}